{"id":105,"date":"2025-08-29T13:51:48","date_gmt":"2025-08-29T13:51:48","guid":{"rendered":"https:\/\/dev.gordis-genusswelt.com\/index.php\/about-2\/"},"modified":"2026-03-16T18:26:07","modified_gmt":"2026-03-16T18:26:07","slug":"uebermich","status":"publish","type":"page","link":"https:\/\/dev.gordis-genusswelt.com\/en\/uebermich\/","title":{"rendered":"About me"},"content":{"rendered":"<div data-elementor-type=\"wp-page\" data-elementor-id=\"105\" class=\"elementor elementor-105\">\n\t\t\t\t<div class=\"elementor-element elementor-element-236dbd1 e-flex e-con-boxed e-con e-parent\" data-id=\"236dbd1\" data-element_type=\"container\" data-e-type=\"container\" data-settings=\"{&quot;background_background&quot;:&quot;classic&quot;}\">\n\t\t\t\t\t<div class=\"e-con-inner\">\n\t\t<div class=\"elementor-element elementor-element-52c411d e-con-full e-flex e-con e-child\" data-id=\"52c411d\" data-element_type=\"container\" data-e-type=\"container\">\n\t\t\t\t<div class=\"elementor-element elementor-element-be41d79 elementor-widget elementor-widget-heading\" data-id=\"be41d79\" data-element_type=\"widget\" data-e-type=\"widget\" data-widget_type=\"heading.default\">\n\t\t\t\t\t<h1 class=\"elementor-heading-title elementor-size-default\">About me<\/h1>\t\t\t\t<\/div>\n\t\t\t\t<\/div>\n\t\t\t\t\t<\/div>\n\t\t\t\t<\/div>\n\t\t<div class=\"elementor-element elementor-element-414bac2 e-flex e-con-boxed e-con e-parent\" data-id=\"414bac2\" data-element_type=\"container\" data-e-type=\"container\">\n\t\t\t\t\t<div class=\"e-con-inner\">\n\t\t\t\t<div class=\"elementor-element elementor-element-683fb06 elementor-widget elementor-widget-text-editor\" data-id=\"683fb06\" data-element_type=\"widget\" data-e-type=\"widget\" data-widget_type=\"text-editor.default\">\n\t\t\t\t\t\t\t\t\t<p>Born 1987 in West Berlin, I worked in various professions until, after my move to Rhineland-Palatinate, I decided to pursue further education as a wine and gourmet expert out of love for wine.<\/p><p>Upon starting my independent career in 2023 as a freelance sales representative for wine and spirits, this love then evolved into a profession and even a true calling.<\/p>\t\t\t\t\t\t\t\t<\/div>\n\t\t\t\t\t<\/div>\n\t\t\t\t<\/div>\n\t\t<div class=\"elementor-element elementor-element-65ca893 e-flex e-con-boxed e-con e-parent\" data-id=\"65ca893\" data-element_type=\"container\" data-e-type=\"container\">\n\t\t\t\t\t<div class=\"e-con-inner\">\n\t\t<div class=\"elementor-element elementor-element-dd52343 e-con-full e-flex e-con e-child\" data-id=\"dd52343\" data-element_type=\"container\" data-e-type=\"container\">\n\t\t\t\t<div class=\"elementor-element elementor-element-6b9ea83 elementor-widget elementor-widget-image\" data-id=\"6b9ea83\" data-element_type=\"widget\" data-e-type=\"widget\" data-widget_type=\"image.default\">\n\t\t\t\t\t\t\t\t\t\t\t\t\t\t\t<img fetchpriority=\"high\" decoding=\"async\" width=\"768\" height=\"577\" src=\"https:\/\/dev.gordis-genusswelt.com\/wp-content\/uploads\/2025\/08\/ueber-mich-768x577.jpg\" class=\"attachment-medium_large size-medium_large wp-image-737\" alt=\"\" srcset=\"https:\/\/dev.gordis-genusswelt.com\/wp-content\/uploads\/2025\/08\/ueber-mich-768x577.jpg 768w, https:\/\/dev.gordis-genusswelt.com\/wp-content\/uploads\/2025\/08\/ueber-mich-300x225.jpg 300w, https:\/\/dev.gordis-genusswelt.com\/wp-content\/uploads\/2025\/08\/ueber-mich-1024x769.jpg 1024w, https:\/\/dev.gordis-genusswelt.com\/wp-content\/uploads\/2025\/08\/ueber-mich.jpg 1536w\" sizes=\"(max-width: 768px) 100vw, 768px\" \/>\t\t\t\t\t\t\t\t\t\t\t\t\t\t\t<\/div>\n\t\t\t\t<\/div>\n\t\t\t\t\t<\/div>\n\t\t\t\t<\/div>\n\t\t\t\t<\/div>","protected":false},"excerpt":{"rendered":"<p>\u00dcber mich\u200b Geboren 1987 in West-Berlin war ich in verschiedenen Berufszweigen t\u00e4tig, bis ich mich nach meinem Umzug nach Rheinland-Pfalz aus Liebe zum Wein f\u00fcr eine Weiterbildung zum Wein-und Genussexperten entschlossen hatte. Mit Aufnahme meiner selbstst\u00e4ndigen T\u00e4tigkeit im Jahre 2023 als freier Handelsvertreter f\u00fcr Wein und Spirituosen ist diese Liebe dann zu Beruf und sogar [&hellip;]<\/p>\n","protected":false},"author":1,"featured_media":0,"parent":0,"menu_order":0,"comment_status":"closed","ping_status":"closed","template":"","meta":{"site-sidebar-layout":"no-sidebar","site-content-layout":"page-builder","ast-site-content-layout":"full-width-container","site-content-style":"unboxed","site-sidebar-style":"unboxed","ast-global-header-display":"","ast-banner-title-visibility":"","ast-main-header-display":"","ast-hfb-above-header-display":"","ast-hfb-below-header-display":"","ast-hfb-mobile-header-display":"","site-post-title":"disabled","ast-breadcrumbs-content":"","ast-featured-img":"disabled","footer-sml-layout":"","ast-disable-related-posts":"","theme-transparent-header-meta":"enabled","adv-header-id-meta":"","stick-header-meta":"","header-above-stick-meta":"","header-main-stick-meta":"","header-below-stick-meta":"","astra-migrate-meta-layouts":"set","ast-page-background-enabled":"default","ast-page-background-meta":{"desktop":{"background-color":"","background-image":"","background-repeat":"repeat","background-position":"center center","background-size":"auto","background-attachment":"scroll","background-type":"","background-media":"","overlay-type":"","overlay-color":"","overlay-opacity":"","overlay-gradient":""},"tablet":{"background-color":"","background-image":"","background-repeat":"repeat","background-position":"center center","background-size":"auto","background-attachment":"scroll","background-type":"","background-media":"","overlay-type":"","overlay-color":"","overlay-opacity":"","overlay-gradient":""},"mobile":{"background-color":"","background-image":"","background-repeat":"repeat","background-position":"center center","background-size":"auto","background-attachment":"scroll","background-type":"","background-media":"","overlay-type":"","overlay-color":"","overlay-opacity":"","overlay-gradient":""}},"ast-content-background-meta":{"desktop":{"background-color":"var(--ast-global-color-5)","background-image":"","background-repeat":"repeat","background-position":"center center","background-size":"auto","background-attachment":"scroll","background-type":"","background-media":"","overlay-type":"","overlay-color":"","overlay-opacity":"","overlay-gradient":""},"tablet":{"background-color":"var(--ast-global-color-5)","background-image":"","background-repeat":"repeat","background-position":"center center","background-size":"auto","background-attachment":"scroll","background-type":"","background-media":"","overlay-type":"","overlay-color":"","overlay-opacity":"","overlay-gradient":""},"mobile":{"background-color":"var(--ast-global-color-5)","background-image":"","background-repeat":"repeat","background-position":"center center","background-size":"auto","background-attachment":"scroll","background-type":"","background-media":"","overlay-type":"","overlay-color":"","overlay-opacity":"","overlay-gradient":""}},"footnotes":""},"class_list":["post-105","page","type-page","status-publish","hentry"],"yoast_head":"<!-- This site is optimized with the Yoast SEO plugin v27.4 - https:\/\/yoast.com\/product\/yoast-seo-wordpress\/ -->\n<title>\u00dcber mich \u2013 Gordis Genusswelt<\/title>\n<meta name=\"description\" content=\"Erfahren Sie mehr \u00fcber die Geschichte hinter Gordis Genusswelt und die Leidenschaft f\u00fcr Wein, Weinverkostungen und besondere Genussmomente.\" \/>\n<meta name=\"robots\" content=\"noindex, follow, max-snippet:-1, max-image-preview:large, max-video-preview:-1\" \/>\n<meta property=\"og:locale\" content=\"en_US\" \/>\n<meta property=\"og:type\" content=\"article\" \/>\n<meta property=\"og:title\" content=\"\u00dcber mich \u2013 Gordis Genusswelt\" \/>\n<meta property=\"og:description\" content=\"Erfahren Sie mehr \u00fcber die Geschichte hinter Gordis Genusswelt und die Leidenschaft f\u00fcr Wein, Weinverkostungen und besondere Genussmomente.\" \/>\n<meta property=\"og:url\" content=\"https:\/\/dev.gordis-genusswelt.com\/en\/uebermich\/\" \/>\n<meta property=\"og:site_name\" content=\"Gordi&#039;s Genusswelt\" \/>\n<meta property=\"article:modified_time\" content=\"2026-03-16T18:26:07+00:00\" \/>\n<meta property=\"og:image\" content=\"https:\/\/dev.gordis-genusswelt.com\/wp-content\/uploads\/2025\/08\/ueber-mich-768x577.jpg\" \/>\n<meta name=\"twitter:card\" content=\"summary_large_image\" \/>\n<meta name=\"twitter:label1\" content=\"Est. reading time\" \/>\n\t<meta name=\"twitter:data1\" content=\"1 minute\" \/>\n<script type=\"application\/ld+json\" class=\"yoast-schema-graph\">{\"@context\":\"https:\\\/\\\/schema.org\",\"@graph\":[{\"@type\":\"WebPage\",\"@id\":\"https:\\\/\\\/dev.gordis-genusswelt.com\\\/uebermich\\\/\",\"url\":\"https:\\\/\\\/dev.gordis-genusswelt.com\\\/uebermich\\\/\",\"name\":\"\u00dcber mich \u2013 Gordis Genusswelt\",\"isPartOf\":{\"@id\":\"https:\\\/\\\/dev.gordis-genusswelt.com\\\/#website\"},\"primaryImageOfPage\":{\"@id\":\"https:\\\/\\\/dev.gordis-genusswelt.com\\\/uebermich\\\/#primaryimage\"},\"image\":{\"@id\":\"https:\\\/\\\/dev.gordis-genusswelt.com\\\/uebermich\\\/#primaryimage\"},\"thumbnailUrl\":\"https:\\\/\\\/dev.gordis-genusswelt.com\\\/wp-content\\\/uploads\\\/2025\\\/08\\\/ueber-mich-768x577.jpg\",\"datePublished\":\"2025-08-29T13:51:48+00:00\",\"dateModified\":\"2026-03-16T18:26:07+00:00\",\"description\":\"Erfahren Sie mehr \u00fcber die Geschichte hinter Gordis Genusswelt und die Leidenschaft f\u00fcr Wein, Weinverkostungen und besondere Genussmomente.\",\"breadcrumb\":{\"@id\":\"https:\\\/\\\/dev.gordis-genusswelt.com\\\/uebermich\\\/#breadcrumb\"},\"inLanguage\":\"en-US\",\"potentialAction\":[{\"@type\":\"ReadAction\",\"target\":[\"https:\\\/\\\/dev.gordis-genusswelt.com\\\/uebermich\\\/\"]}]},{\"@type\":\"ImageObject\",\"inLanguage\":\"en-US\",\"@id\":\"https:\\\/\\\/dev.gordis-genusswelt.com\\\/uebermich\\\/#primaryimage\",\"url\":\"https:\\\/\\\/dev.gordis-genusswelt.com\\\/wp-content\\\/uploads\\\/2025\\\/08\\\/ueber-mich-768x577.jpg\",\"contentUrl\":\"https:\\\/\\\/dev.gordis-genusswelt.com\\\/wp-content\\\/uploads\\\/2025\\\/08\\\/ueber-mich-768x577.jpg\"},{\"@type\":\"BreadcrumbList\",\"@id\":\"https:\\\/\\\/dev.gordis-genusswelt.com\\\/uebermich\\\/#breadcrumb\",\"itemListElement\":[{\"@type\":\"ListItem\",\"position\":1,\"name\":\"Startseite\",\"item\":\"https:\\\/\\\/dev.gordis-genusswelt.com\\\/\"},{\"@type\":\"ListItem\",\"position\":2,\"name\":\"\u00dcber mich\"}]},{\"@type\":\"WebSite\",\"@id\":\"https:\\\/\\\/dev.gordis-genusswelt.com\\\/#website\",\"url\":\"https:\\\/\\\/dev.gordis-genusswelt.com\\\/\",\"name\":\"Gordi's Genusswelt\",\"description\":\"Weinverkostungen, Events und besondere Weine\",\"publisher\":{\"@id\":\"https:\\\/\\\/dev.gordis-genusswelt.com\\\/#organization\"},\"alternateName\":\"Gordis Genusswelt\",\"potentialAction\":[{\"@type\":\"SearchAction\",\"target\":{\"@type\":\"EntryPoint\",\"urlTemplate\":\"https:\\\/\\\/dev.gordis-genusswelt.com\\\/?s={search_term_string}\"},\"query-input\":{\"@type\":\"PropertyValueSpecification\",\"valueRequired\":true,\"valueName\":\"search_term_string\"}}],\"inLanguage\":\"en-US\"},{\"@type\":\"Organization\",\"@id\":\"https:\\\/\\\/dev.gordis-genusswelt.com\\\/#organization\",\"name\":\"Gordi's Genusswelt\",\"url\":\"https:\\\/\\\/dev.gordis-genusswelt.com\\\/\",\"logo\":{\"@type\":\"ImageObject\",\"inLanguage\":\"en-US\",\"@id\":\"https:\\\/\\\/dev.gordis-genusswelt.com\\\/#\\\/schema\\\/logo\\\/image\\\/\",\"url\":\"https:\\\/\\\/dev.gordis-genusswelt.com\\\/wp-content\\\/uploads\\\/2025\\\/08\\\/cropped-cropped-logo-normal-scaled-1.png\",\"contentUrl\":\"https:\\\/\\\/dev.gordis-genusswelt.com\\\/wp-content\\\/uploads\\\/2025\\\/08\\\/cropped-cropped-logo-normal-scaled-1.png\",\"width\":2322,\"height\":2145,\"caption\":\"Gordi's Genusswelt\"},\"image\":{\"@id\":\"https:\\\/\\\/dev.gordis-genusswelt.com\\\/#\\\/schema\\\/logo\\\/image\\\/\"}}]}<\/script>\n<!-- \/ Yoast SEO plugin. -->","yoast_head_json":{"title":"\u00dcber mich \u2013 Gordis Genusswelt","description":"Erfahren Sie mehr \u00fcber die Geschichte hinter Gordis Genusswelt und die Leidenschaft f\u00fcr Wein, Weinverkostungen und besondere Genussmomente.","robots":{"index":"noindex","follow":"follow","max-snippet":"max-snippet:-1","max-image-preview":"max-image-preview:large","max-video-preview":"max-video-preview:-1"},"og_locale":"en_US","og_type":"article","og_title":"\u00dcber mich \u2013 Gordis Genusswelt","og_description":"Erfahren Sie mehr \u00fcber die Geschichte hinter Gordis Genusswelt und die Leidenschaft f\u00fcr Wein, Weinverkostungen und besondere Genussmomente.","og_url":"https:\/\/dev.gordis-genusswelt.com\/en\/uebermich\/","og_site_name":"Gordi&#039;s Genusswelt","article_modified_time":"2026-03-16T18:26:07+00:00","og_image":[{"url":"https:\/\/dev.gordis-genusswelt.com\/wp-content\/uploads\/2025\/08\/ueber-mich-768x577.jpg","type":"","width":"","height":""}],"twitter_card":"summary_large_image","twitter_misc":{"Est. reading time":"1 minute"},"schema":{"@context":"https:\/\/schema.org","@graph":[{"@type":"WebPage","@id":"https:\/\/dev.gordis-genusswelt.com\/uebermich\/","url":"https:\/\/dev.gordis-genusswelt.com\/uebermich\/","name":"\u00dcber mich \u2013 Gordis Genusswelt","isPartOf":{"@id":"https:\/\/dev.gordis-genusswelt.com\/#website"},"primaryImageOfPage":{"@id":"https:\/\/dev.gordis-genusswelt.com\/uebermich\/#primaryimage"},"image":{"@id":"https:\/\/dev.gordis-genusswelt.com\/uebermich\/#primaryimage"},"thumbnailUrl":"https:\/\/dev.gordis-genusswelt.com\/wp-content\/uploads\/2025\/08\/ueber-mich-768x577.jpg","datePublished":"2025-08-29T13:51:48+00:00","dateModified":"2026-03-16T18:26:07+00:00","description":"Erfahren Sie mehr \u00fcber die Geschichte hinter Gordis Genusswelt und die Leidenschaft f\u00fcr Wein, Weinverkostungen und besondere Genussmomente.","breadcrumb":{"@id":"https:\/\/dev.gordis-genusswelt.com\/uebermich\/#breadcrumb"},"inLanguage":"en-US","potentialAction":[{"@type":"ReadAction","target":["https:\/\/dev.gordis-genusswelt.com\/uebermich\/"]}]},{"@type":"ImageObject","inLanguage":"en-US","@id":"https:\/\/dev.gordis-genusswelt.com\/uebermich\/#primaryimage","url":"https:\/\/dev.gordis-genusswelt.com\/wp-content\/uploads\/2025\/08\/ueber-mich-768x577.jpg","contentUrl":"https:\/\/dev.gordis-genusswelt.com\/wp-content\/uploads\/2025\/08\/ueber-mich-768x577.jpg"},{"@type":"BreadcrumbList","@id":"https:\/\/dev.gordis-genusswelt.com\/uebermich\/#breadcrumb","itemListElement":[{"@type":"ListItem","position":1,"name":"Startseite","item":"https:\/\/dev.gordis-genusswelt.com\/"},{"@type":"ListItem","position":2,"name":"\u00dcber mich"}]},{"@type":"WebSite","@id":"https:\/\/dev.gordis-genusswelt.com\/#website","url":"https:\/\/dev.gordis-genusswelt.com\/","name":"Gordi's Genusswelt","description":"Weinverkostungen, Events und besondere Weine","publisher":{"@id":"https:\/\/dev.gordis-genusswelt.com\/#organization"},"alternateName":"Gordis Genusswelt","potentialAction":[{"@type":"SearchAction","target":{"@type":"EntryPoint","urlTemplate":"https:\/\/dev.gordis-genusswelt.com\/?s={search_term_string}"},"query-input":{"@type":"PropertyValueSpecification","valueRequired":true,"valueName":"search_term_string"}}],"inLanguage":"en-US"},{"@type":"Organization","@id":"https:\/\/dev.gordis-genusswelt.com\/#organization","name":"Gordi's Genusswelt","url":"https:\/\/dev.gordis-genusswelt.com\/","logo":{"@type":"ImageObject","inLanguage":"en-US","@id":"https:\/\/dev.gordis-genusswelt.com\/#\/schema\/logo\/image\/","url":"https:\/\/dev.gordis-genusswelt.com\/wp-content\/uploads\/2025\/08\/cropped-cropped-logo-normal-scaled-1.png","contentUrl":"https:\/\/dev.gordis-genusswelt.com\/wp-content\/uploads\/2025\/08\/cropped-cropped-logo-normal-scaled-1.png","width":2322,"height":2145,"caption":"Gordi's Genusswelt"},"image":{"@id":"https:\/\/dev.gordis-genusswelt.com\/#\/schema\/logo\/image\/"}}]}},"_links":{"self":[{"href":"https:\/\/dev.gordis-genusswelt.com\/en\/wp-json\/wp\/v2\/pages\/105","targetHints":{"allow":["GET"]}}],"collection":[{"href":"https:\/\/dev.gordis-genusswelt.com\/en\/wp-json\/wp\/v2\/pages"}],"about":[{"href":"https:\/\/dev.gordis-genusswelt.com\/en\/wp-json\/wp\/v2\/types\/page"}],"author":[{"embeddable":true,"href":"https:\/\/dev.gordis-genusswelt.com\/en\/wp-json\/wp\/v2\/users\/1"}],"replies":[{"embeddable":true,"href":"https:\/\/dev.gordis-genusswelt.com\/en\/wp-json\/wp\/v2\/comments?post=105"}],"version-history":[{"count":22,"href":"https:\/\/dev.gordis-genusswelt.com\/en\/wp-json\/wp\/v2\/pages\/105\/revisions"}],"predecessor-version":[{"id":1161,"href":"https:\/\/dev.gordis-genusswelt.com\/en\/wp-json\/wp\/v2\/pages\/105\/revisions\/1161"}],"wp:attachment":[{"href":"https:\/\/dev.gordis-genusswelt.com\/en\/wp-json\/wp\/v2\/media?parent=105"}],"curies":[{"name":"wp","href":"https:\/\/api.w.org\/{rel}","templated":true}]}}